{"id":732,"date":"2021-10-21T01:39:05","date_gmt":"2021-10-20T23:39:05","guid":{"rendered":"http:\/\/alexandradimarzio.com\/?page_id=732"},"modified":"2025-04-24T19:31:13","modified_gmt":"2025-04-24T17:31:13","slug":"telerama","status":"publish","type":"page","link":"https:\/\/alexandradimarzio.com\/?page_id=732","title":{"rendered":"T\u00c9L\u00c9RAMA"},"content":{"rendered":"<p>[et_pb_section fb_built=\u00a0\u00bb1&Prime; custom_padding_last_edited=\u00a0\u00bbon|desktop\u00a0\u00bb admin_label=\u00a0\u00bbsection\u00a0\u00bb _builder_version=\u00a0\u00bb4.11.3&Prime; background_color=\u00a0\u00bb#FFFFFF\u00a0\u00bb custom_padding=\u00a0\u00bb|10px||10px|false|false\u00a0\u00bb custom_padding_tablet=\u00a0\u00bb50px|0|50px|0&Prime; custom_padding_phone=\u00a0\u00bb\u00a0\u00bb transparent_background=\u00a0\u00bboff\u00a0\u00bb make_fullwidth=\u00a0\u00bboff\u00a0\u00bb use_custom_width=\u00a0\u00bboff\u00a0\u00bb width_unit=\u00a0\u00bboff\u00a0\u00bb custom_width_px=\u00a0\u00bb1080px\u00a0\u00bb custom_width_percent=\u00a0\u00bb80%\u00a0\u00bb global_colors_info=\u00a0\u00bb{}\u00a0\u00bb][et_pb_row column_structure=\u00a0\u00bb1_2,1_2&Prime; padding_mobile=\u00a0\u00bboff\u00a0\u00bb column_padding_mobile=\u00a0\u00bbon\u00a0\u00bb _builder_version=\u00a0\u00bb4.11.3&Prime; background_size=\u00a0\u00bbinitial\u00a0\u00bb background_position=\u00a0\u00bbtop_left\u00a0\u00bb background_repeat=\u00a0\u00bbrepeat\u00a0\u00bb custom_margin=\u00a0\u00bb||||false|false\u00a0\u00bb custom_padding=\u00a0\u00bb0px||8px|||\u00a0\u00bb border_radii=\u00a0\u00bbon|14px|14px|14px|14px\u00a0\u00bb make_fullwidth=\u00a0\u00bboff\u00a0\u00bb use_custom_width=\u00a0\u00bboff\u00a0\u00bb width_unit=\u00a0\u00bboff\u00a0\u00bb custom_width_px=\u00a0\u00bb1080px\u00a0\u00bb custom_width_percent=\u00a0\u00bb80%\u00a0\u00bb global_colors_info=\u00a0\u00bb{}\u00a0\u00bb][et_pb_column type=\u00a0\u00bb1_2&Prime; _builder_version=\u00a0\u00bb3.25&Prime; custom_padding=\u00a0\u00bb|||\u00a0\u00bb global_colors_info=\u00a0\u00bb{}\u00a0\u00bb custom_padding__hover=\u00a0\u00bb|||\u00a0\u00bb][et_pb_image src=\u00a0\u00bbhttps:\/\/alexandradimarzio.com\/wp-content\/uploads\/2021\/10\/bwpeanutslogo_.png\u00a0\u00bb title_text=\u00a0\u00bbbwpeanutslogo_\u00a0\u00bb _builder_version=\u00a0\u00bb4.11.3&Prime; _module_preset=\u00a0\u00bbdefault\u00a0\u00bb custom_margin=\u00a0\u00bb97px||||false|false\u00a0\u00bb hover_enabled=\u00a0\u00bb0&Prime; global_colors_info=\u00a0\u00bb{}\u00a0\u00bb custom_margin_last_edited=\u00a0\u00bbon|phone\u00a0\u00bb custom_margin_phone=\u00a0\u00bb11px||||false|false\u00a0\u00bb sticky_enabled=\u00a0\u00bb0&Prime;][\/et_pb_image][\/et_pb_column][et_pb_column type=\u00a0\u00bb1_2&Prime; _builder_version=\u00a0\u00bb3.25&Prime; custom_padding=\u00a0\u00bb|||\u00a0\u00bb global_colors_info=\u00a0\u00bb{}\u00a0\u00bb custom_padding__hover=\u00a0\u00bb|||\u00a0\u00bb][et_pb_text _builder_version=\u00a0\u00bb4.11.3&Prime; _module_preset=\u00a0\u00bbdefault\u00a0\u00bb text_font=\u00a0\u00bb||||||||\u00a0\u00bb header_font_size=\u00a0\u00bb50px\u00a0\u00bb header_6_font_size=\u00a0\u00bb21px\u00a0\u00bb width=\u00a0\u00bb82.3%\u00a0\u00bb custom_margin=\u00a0\u00bb90px||12px|123px|false|false\u00a0\u00bb custom_padding=\u00a0\u00bb25px|15px|10px|10px|false|false\u00a0\u00bb hover_enabled=\u00a0\u00bb0&Prime; box_shadow_style=\u00a0\u00bbpreset3&Prime; global_colors_info=\u00a0\u00bb{}\u00a0\u00bb custom_margin_last_edited=\u00a0\u00bbon|phone\u00a0\u00bb custom_margin_phone=\u00a0\u00bb28px||2px|31px|false|false\u00a0\u00bb sticky_enabled=\u00a0\u00bb0&Prime;]<\/p>\n<h1 style=\"text-align: right;\"><span style=\"color: #000000;\">\u00a0Peanuts by T\u00e9l\u00e9rama<\/span><\/h1>\n<p><span style=\"color: #000000;\">\u00a0<\/span><\/p>\n<p><span style=\"color: #000000;\">_________________<\/span><\/p>\n<p><span style=\"color: #000000;\">Durant ma seconde ann\u00e9e de Master, nous avons eu l&rsquo;occasion de r\u00e9aliser un projet presse. Il nous \u00e9tait donn\u00e9 comme consigne de r\u00e9aliser un suppl\u00e9ment jeunesse, 16-18 ans, de T\u00e9l\u00e9rama. J&rsquo;ai eu le r\u00f4le de chef de projet ainsi que de directrice artistique. Nous sommes partis sur un magazine color\u00e9, \u00e0 la typographie ronde, qui rappelle le r\u00eave et qui donne un c\u00f4t\u00e9 bien moins s\u00e9rieux \u00e0 notre magazine d&rsquo;actualit\u00e9. Le magazine se compose d&rsquo;interview de c\u00e9l\u00e9brit\u00e9s, d&rsquo;une partie rencontre avec des jeunes, une infographie et de faits d&rsquo;actualit\u00e9. <\/span><\/p>\n<p><span style=\"color: #000000;\">Directrice Artistique \/ Cheffe de projet \/ Photographies : Alexandra di Marzio<br \/><\/span><span style=\"color: #000000;\">Typographie \/ Maquette : Claire Hammond<br \/><\/span><span style=\"color: #000000;\">Maquette \/ Recherche iconographique \/ textes : Mona Jagiello<br \/><\/span><span style=\"color: #000000;\">Infographie \/ Recherche texte : F\u00e9lix Simoncelli<\/span><span style=\"color: #000000;\"><\/span><\/p>\n<p><span style=\"color: #000000;\"><\/span><\/p>\n<p>[\/et_pb_text][\/et_pb_column][\/et_pb_row][et_pb_row _builder_version=\u00a0\u00bb4.11.3&Prime; _module_preset=\u00a0\u00bbdefault\u00a0\u00bb global_colors_info=\u00a0\u00bb{}\u00a0\u00bb][et_pb_column type=\u00a0\u00bb4_4&Prime; _builder_version=\u00a0\u00bb4.11.3&Prime; _module_preset=\u00a0\u00bbdefault\u00a0\u00bb global_colors_info=\u00a0\u00bb{}\u00a0\u00bb][et_pb_image src=\u00a0\u00bbhttps:\/\/alexandradimarzio.com\/wp-content\/uploads\/2021\/10\/couverture_N\u00b01.jpg\u00a0\u00bb title_text=\u00a0\u00bbcouverture_N\u00b01&Prime; show_in_lightbox=\u00a0\u00bbon\u00a0\u00bb _builder_version=\u00a0\u00bb4.11.3&Prime; _module_preset=\u00a0\u00bbdefault\u00a0\u00bb global_colors_info=\u00a0\u00bb{}\u00a0\u00bb][\/et_pb_image][\/et_pb_column][\/et_pb_row][et_pb_row _builder_version=\u00a0\u00bb4.11.3&Prime; _module_preset=\u00a0\u00bbdefault\u00a0\u00bb global_colors_info=\u00a0\u00bb{}\u00a0\u00bb][et_pb_column type=\u00a0\u00bb4_4&Prime; _builder_version=\u00a0\u00bb4.11.3&Prime; _module_preset=\u00a0\u00bbdefault\u00a0\u00bb global_colors_info=\u00a0\u00bb{}\u00a0\u00bb][et_pb_image src=\u00a0\u00bbhttps:\/\/alexandradimarzio.com\/wp-content\/uploads\/2021\/10\/Capture-de\u0301cran-2021-10-21-a\u0300-01.34.53.png\u00a0\u00bb title_text=\u00a0\u00bbCapture d\u2019e\u0301cran 2021-10-21 a\u0300 01.34.53&Prime; _builder_version=\u00a0\u00bb4.11.3&Prime; _module_preset=\u00a0\u00bbdefault\u00a0\u00bb global_colors_info=\u00a0\u00bb{}\u00a0\u00bb][\/et_pb_image][\/et_pb_column][\/et_pb_row][\/et_pb_section]<\/p>\n","protected":false},"excerpt":{"rendered":"<p>\u00a0Peanuts by T\u00e9l\u00e9rama \u00a0 _________________ Durant ma seconde ann\u00e9e de Master, nous avons eu l&rsquo;occasion de r\u00e9aliser un projet presse. Il nous \u00e9tait donn\u00e9 comme consigne de r\u00e9aliser un suppl\u00e9ment jeunesse, 16-18 ans, de T\u00e9l\u00e9rama. J&rsquo;ai eu le r\u00f4le de chef de projet ainsi que de directrice artistique. Nous sommes partis sur un magazine color\u00e9, [&hellip;]<\/p>\n","protected":false},"author":1,"featured_media":0,"parent":0,"menu_order":0,"comment_status":"closed","ping_status":"closed","template":"","meta":{"_et_pb_use_builder":"on","_et_pb_old_content":"","_et_gb_content_width":""},"_links":{"self":[{"href":"https:\/\/alexandradimarzio.com\/index.php?rest_route=\/wp\/v2\/pages\/732"}],"collection":[{"href":"https:\/\/alexandradimarzio.com\/index.php?rest_route=\/wp\/v2\/pages"}],"about":[{"href":"https:\/\/alexandradimarzio.com\/index.php?rest_route=\/wp\/v2\/types\/page"}],"author":[{"embeddable":true,"href":"https:\/\/alexandradimarzio.com\/index.php?rest_route=\/wp\/v2\/users\/1"}],"replies":[{"embeddable":true,"href":"https:\/\/alexandradimarzio.com\/index.php?rest_route=%2Fwp%2Fv2%2Fcomments&post=732"}],"version-history":[{"count":8,"href":"https:\/\/alexandradimarzio.com\/index.php?rest_route=\/wp\/v2\/pages\/732\/revisions"}],"predecessor-version":[{"id":1359,"href":"https:\/\/alexandradimarzio.com\/index.php?rest_route=\/wp\/v2\/pages\/732\/revisions\/1359"}],"wp:attachment":[{"href":"https:\/\/alexandradimarzio.com\/index.php?rest_route=%2Fwp%2Fv2%2Fmedia&parent=732"}],"curies":[{"name":"wp","href":"https:\/\/api.w.org\/{rel}","templated":true}]}}