{"id":147,"date":"2018-02-06T22:23:05","date_gmt":"2018-02-06T21:23:05","guid":{"rendered":"http:\/\/alexadradimarzio.com\/?page_id=147"},"modified":"2025-04-24T18:47:57","modified_gmt":"2025-04-24T16:47:57","slug":"biography","status":"publish","type":"page","link":"https:\/\/alexandradimarzio.com\/?page_id=147","title":{"rendered":"\u00c0 PROPOS"},"content":{"rendered":"<p>[et_pb_section fb_built=\u00a0\u00bb1&Prime; custom_padding_last_edited=\u00a0\u00bbon|desktop\u00a0\u00bb _builder_version=\u00a0\u00bb3.22&Prime; background_color=\u00a0\u00bb#0c0c0c\u00a0\u00bb custom_padding=\u00a0\u00bb137px|0%|167px|0px||\u00a0\u00bb custom_padding_tablet=\u00a0\u00bb50px|0|50px|0&Prime; custom_padding_phone=\u00a0\u00bb\u00a0\u00bb transparent_background=\u00a0\u00bboff\u00a0\u00bb padding_mobile=\u00a0\u00bboff\u00a0\u00bb make_fullwidth=\u00a0\u00bboff\u00a0\u00bb use_custom_width=\u00a0\u00bboff\u00a0\u00bb width_unit=\u00a0\u00bboff\u00a0\u00bb custom_width_px=\u00a0\u00bb1080px\u00a0\u00bb custom_width_percent=\u00a0\u00bb80%\u00a0\u00bb global_colors_info=\u00a0\u00bb{}\u00a0\u00bb][et_pb_row column_structure=\u00a0\u00bb1_2,1_2&Prime; _builder_version=\u00a0\u00bb4.11.3&Prime; _module_preset=\u00a0\u00bbdefault\u00a0\u00bb global_colors_info=\u00a0\u00bb{}\u00a0\u00bb][et_pb_column type=\u00a0\u00bb1_2&Prime; _builder_version=\u00a0\u00bb4.11.3&Prime; _module_preset=\u00a0\u00bbdefault\u00a0\u00bb global_colors_info=\u00a0\u00bb{}\u00a0\u00bb][et_pb_image src=\u00a0\u00bbhttps:\/\/alexandradimarzio.com\/wp-content\/uploads\/2021\/06\/IMG_9452.jpg\u00a0\u00bb title_text=\u00a0\u00bbPortrait\u00a0\u00bb _builder_version=\u00a0\u00bb4.11.3&Prime; _module_preset=\u00a0\u00bbdefault\u00a0\u00bb global_colors_info=\u00a0\u00bb{}\u00a0\u00bb][\/et_pb_image][\/et_pb_column][et_pb_column type=\u00a0\u00bb1_2&Prime; _builder_version=\u00a0\u00bb4.11.3&Prime; _module_preset=\u00a0\u00bbdefault\u00a0\u00bb global_colors_info=\u00a0\u00bb{}\u00a0\u00bb][et_pb_text _builder_version=\u00a0\u00bb4.11.3&Prime; _module_preset=\u00a0\u00bbdefault\u00a0\u00bb text_font=\u00a0\u00bb||||||||\u00a0\u00bb header_font_size=\u00a0\u00bb50px\u00a0\u00bb header_6_font_size=\u00a0\u00bb21px\u00a0\u00bb width=\u00a0\u00bb82.3%\u00a0\u00bb custom_margin=\u00a0\u00bb90px||12px|123px|false|false\u00a0\u00bb custom_margin_tablet=\u00a0\u00bb\u00a0\u00bb custom_margin_phone=\u00a0\u00bb9px||12px|57px|false|false\u00a0\u00bb custom_margin_last_edited=\u00a0\u00bbon|phone\u00a0\u00bb custom_padding=\u00a0\u00bb25px|15px|10px|10px|false|false\u00a0\u00bb box_shadow_style=\u00a0\u00bbpreset3&Prime; global_colors_info=\u00a0\u00bb{}\u00a0\u00bb]<\/p>\n<h1 style=\"text-align: right;\"><span style=\"color: #ffffff;\">\u00e0 propos<\/span><\/h1>\n<p><span style=\"color: #ffffff;\">\u00a0<\/span><\/p>\n<p><span style=\"color: #ffffff;\">_________________<\/span><\/p>\n<p style=\"padding-left: 30px;\"><span style=\"font-size: 14px; color: #ffffff;\">Photographe, graphiste et directrice artistique j&rsquo;\u00e9volue dans le domaine de la cr\u00e9ation. Avec mes multiples casquettes je m&rsquo;\u00e9panouis dans la mise en page, le dessin, la photographie ou m\u00eame la vid\u00e9o.<\/span><\/p>\n<p style=\"padding-left: 30px;\"><span style=\"font-size: 14px; color: #ffffff;\">Aujourd&rsquo;hui \u00e0 28 ans je suis \u00e0 mon compte et \u00e0 la recherche d&rsquo;un CDI.<\/span><\/p>\n<p>[\/et_pb_text][\/et_pb_column][\/et_pb_row][\/et_pb_section]<\/p>\n","protected":false},"excerpt":{"rendered":"<p>\u00e0 propos \u00a0 _________________ Photographe, graphiste et directrice artistique j&rsquo;\u00e9volue dans le domaine de la cr\u00e9ation. Avec mes multiples casquettes je m&rsquo;\u00e9panouis dans la mise en page, le dessin, la photographie ou m\u00eame la vid\u00e9o. Aujourd&rsquo;hui \u00e0 28 ans je suis \u00e0 mon compte et \u00e0 la recherche d&rsquo;un CDI.<\/p>\n","protected":false},"author":1,"featured_media":0,"parent":0,"menu_order":0,"comment_status":"closed","ping_status":"closed","template":"","meta":{"_et_pb_use_builder":"on","_et_pb_old_content":"","_et_gb_content_width":""},"_links":{"self":[{"href":"https:\/\/alexandradimarzio.com\/index.php?rest_route=\/wp\/v2\/pages\/147"}],"collection":[{"href":"https:\/\/alexandradimarzio.com\/index.php?rest_route=\/wp\/v2\/pages"}],"about":[{"href":"https:\/\/alexandradimarzio.com\/index.php?rest_route=\/wp\/v2\/types\/page"}],"author":[{"embeddable":true,"href":"https:\/\/alexandradimarzio.com\/index.php?rest_route=\/wp\/v2\/users\/1"}],"replies":[{"embeddable":true,"href":"https:\/\/alexandradimarzio.com\/index.php?rest_route=%2Fwp%2Fv2%2Fcomments&post=147"}],"version-history":[{"count":46,"href":"https:\/\/alexandradimarzio.com\/index.php?rest_route=\/wp\/v2\/pages\/147\/revisions"}],"predecessor-version":[{"id":1316,"href":"https:\/\/alexandradimarzio.com\/index.php?rest_route=\/wp\/v2\/pages\/147\/revisions\/1316"}],"wp:attachment":[{"href":"https:\/\/alexandradimarzio.com\/index.php?rest_route=%2Fwp%2Fv2%2Fmedia&parent=147"}],"curies":[{"name":"wp","href":"https:\/\/api.w.org\/{rel}","templated":true}]}}